{"id":2766,"date":"2022-07-28T17:17:52","date_gmt":"2022-07-28T17:17:52","guid":{"rendered":"https:\/\/mecra.az\/?page_id=2766"},"modified":"2024-11-20T00:35:01","modified_gmt":"2024-11-19T20:35:01","slug":"%c9%99laq%c9%99","status":"publish","type":"page","link":"https:\/\/mecra.az\/?page_id=2766","title":{"rendered":"\u018flaq\u0259"},"content":{"rendered":"<blockquote>\n<h5><strong>Mecra.az sayt\u0131 sizi d\u00fcnyan\u0131n \u0259n m\u00fch\u00fcm hadis\u0259l\u0259ri il\u0259 m\u0259lumatland\u0131ran informasiya agentliyidir.<\/strong><\/h5>\n<h5><strong>Sayt\u00a0 27-07-2022 tarixind\u0259 yarad\u0131l\u0131b v\u0259 d\u0259qiq, q\u0259r\u0259zsiz m\u0259lumat yay\u0131r.<\/strong><\/h5>\n<h5><strong>T\u0259sis\u00e7i v\u0259 ba\u015f redaktor Vasif \u018flih\u00fcseyndir.<\/strong><\/h5>\n<h5><strong>G\u00fcnd\u0259lik maraql\u0131 x\u0259b\u0259rl\u0259ri il\u0259 Az\u0259rbaycan\u0131n \u0259n oxunaql\u0131 saytlar\u0131ndan biri olan\u00a0Mecra.az sizi \u0259m\u0259kda\u015fl\u0131\u011fa d\u0259v\u0259t edir. <\/strong><br \/>\n<strong>B\u00fct\u00fcn reklam \u0259m\u0259kda\u015fl\u0131qlar\u0131na a\u00e7\u0131\u011f\u0131q!<\/strong><\/h5>\n<h5><strong>Bank Respublika: 5526751402197513<\/strong><\/h5>\n<h5><strong>V\u00d6EN: 8303672722<\/strong><\/h5>\n<h5><strong>\u018flaq\u0259<\/strong><\/h5>\n<h5><strong>051-395-85-66<\/strong><br \/>\n<strong>Vasif-elihuseyn85@mail.ru<\/strong><\/h5>\n<\/blockquote>\n","protected":false},"excerpt":{"rendered":"<p>Mecra.az sayt\u0131 sizi d\u00fcnyan\u0131n \u0259n m\u00fch\u00fcm hadis\u0259l\u0259ri il\u0259 m\u0259lumatland\u0131ran informasiya agentliyidir. Sayt\u00a0 27-07-2022 tarixind\u0259 yarad\u0131l\u0131b v\u0259 d\u0259qiq, q\u0259r\u0259zsiz m\u0259lumat yay\u0131r. T\u0259sis\u00e7i v\u0259 ba\u015f redaktor Vasif \u018flih\u00fcseyndir. G\u00fcnd\u0259lik maraql\u0131 x\u0259b\u0259rl\u0259ri il\u0259&hellip; <\/p>\n","protected":false},"author":1,"featured_media":0,"parent":0,"menu_order":0,"comment_status":"closed","ping_status":"closed","template":"","meta":{"footnotes":""},"class_list":["post-2766","page","type-page","status-publish","hentry"],"_links":{"self":[{"href":"https:\/\/mecra.az\/index.php?rest_route=\/wp\/v2\/pages\/2766","targetHints":{"allow":["GET"]}}],"collection":[{"href":"https:\/\/mecra.az\/index.php?rest_route=\/wp\/v2\/pages"}],"about":[{"href":"https:\/\/mecra.az\/index.php?rest_route=\/wp\/v2\/types\/page"}],"author":[{"embeddable":true,"href":"https:\/\/mecra.az\/index.php?rest_route=\/wp\/v2\/users\/1"}],"replies":[{"embeddable":true,"href":"https:\/\/mecra.az\/index.php?rest_route=%2Fwp%2Fv2%2Fcomments&post=2766"}],"version-history":[{"count":11,"href":"https:\/\/mecra.az\/index.php?rest_route=\/wp\/v2\/pages\/2766\/revisions"}],"predecessor-version":[{"id":35624,"href":"https:\/\/mecra.az\/index.php?rest_route=\/wp\/v2\/pages\/2766\/revisions\/35624"}],"wp:attachment":[{"href":"https:\/\/mecra.az\/index.php?rest_route=%2Fwp%2Fv2%2Fmedia&parent=2766"}],"curies":[{"name":"wp","href":"https:\/\/api.w.org\/{rel}","templated":true}]}}